{"id":16,"date":"2026-04-17T15:53:49","date_gmt":"2026-04-17T15:53:49","guid":{"rendered":"http:\/\/www.aydogarpres.com\/?page_id=16"},"modified":"2026-04-18T07:01:49","modified_gmt":"2026-04-18T07:01:49","slug":"gunes-enerjisi","status":"publish","type":"page","link":"http:\/\/www.aydogarpres.com\/gunes-enerjisi\/","title":{"rendered":"G\u00fcne\u015f Enerjisi"},"content":{"rendered":"<p>[vc_row][vc_column width=&#8221;1\/4&#8243;][vc_single_image image=&#8221;79&#8243; img_size=&#8221;400&#215;400&#8243;][vc_column_text]<\/p>\n<p style=\"text-align: center;\">1\/2 ALTI K\u00d6\u015eE MAN\u015eON AK81<br \/>\n3\/4 ALTI K\u00d6\u015eE MAN\u015eON AK82<br \/>\n1&#8243; ALTI K\u00d6\u015eE MAN\u015eON AK83<\/p>\n<p>[\/vc_column_text][\/vc_column][vc_column width=&#8221;1\/4&#8243;][vc_single_image image=&#8221;80&#8243; img_size=&#8221;400&#215;400&#8243;][vc_column_text]<\/p>\n<p style=\"text-align: center;\">3\/4 ALTI K\u00d6\u015eE KOLLEKT\u00d6R MAN\u015eONU KM84<br \/>\n3\/4 YUVARLAK KOLLEKT\u00d6R MAN\u015eONU KM85<\/p>\n<p>[\/vc_column_text][\/vc_column][vc_column width=&#8221;1\/4&#8243;][vc_single_image image=&#8221;81&#8243; img_size=&#8221;400&#215;400&#8243;][vc_column_text]<\/p>\n<p style=\"text-align: center;\">1&#8243; DEPO N\u0130PEL\u0130 DN72<\/p>\n<p>[\/vc_column_text][\/vc_column][vc_column width=&#8221;1\/4&#8243;][vc_single_image image=&#8221;82&#8243; img_size=&#8221;400&#215;400&#8243;][vc_column_text]<\/p>\n<p style=\"text-align: center;\">1\/2 DEPO N\u0130PEL\u0130 DN75<br \/>\n3\/4 DEPO N\u0130PEL\u0130 DN76<\/p>\n<p>[\/vc_column_text][\/vc_column][\/vc_row][vc_row][vc_column width=&#8221;1\/4&#8243;][vc_single_image image=&#8221;32&#8243; img_size=&#8221;400&#215;400&#8243;][vc_column_text]<\/p>\n<p style=\"text-align: center;\">1\/2 ALTI K\u00d6\u015eE MAN\u015eON AK81<br \/>\n3\/4 ALTI K\u00d6\u015eE MAN\u015eON AK82<br \/>\n1&#8243; ALTI K\u00d6\u015eE MAN\u015eON AK83<\/p>\n<p>[\/vc_column_text][\/vc_column][vc_column width=&#8221;1\/4&#8243;][vc_single_image image=&#8221;80&#8243; img_size=&#8221;400&#215;400&#8243;][vc_column_text]<\/p>\n<p style=\"text-align: center;\">3\/4 ALTI K\u00d6\u015eE KOLLEKT\u00d6R MAN\u015eONU KM84<br \/>\n3\/4 YUVARLAK KOLLEKT\u00d6R MAN\u015eONU KM85<\/p>\n<p>[\/vc_column_text][\/vc_column][vc_column width=&#8221;1\/4&#8243;][vc_single_image image=&#8221;81&#8243; img_size=&#8221;400&#215;400&#8243;][vc_column_text]<\/p>\n<p style=\"text-align: center;\">1\/2 D\u00dcZ REKOR DR51<br \/>\n3\/4 D\u00dcZ REKOR DR52<br \/>\n1&#8243; D\u00dcZ REKOR DR53<\/p>\n<p>[\/vc_column_text][\/vc_column][vc_column width=&#8221;1\/4&#8243;][vc_single_image image=&#8221;83&#8243; img_size=&#8221;400&#215;400&#8243;][vc_column_text]<\/p>\n<p style=\"text-align: center;\">1\/2 KOLLEKT\u00d6R REKORU (ERKEK) ER109<br \/>\n3\/4 KOLLEKT\u00d6R REKORU (ERKEK) ER110<br \/>\n1&#8243; KOLLEKT\u00d6R REKORU (ERKEK) ER112<\/p>\n<p>[\/vc_column_text][\/vc_column][\/vc_row][vc_row][vc_column width=&#8221;1\/4&#8243;][vc_single_image image=&#8221;40&#8243; img_size=&#8221;400&#215;400&#8243;][vc_column_text]<\/p>\n<p style=\"text-align: center;\">1\/2 K\u00d6R TAPA (DI\u015eTAN D\u0130\u015eL\u0130) KT96<br \/>\n3\/4 K\u00d6R TAPA (DI\u015eTAN D\u0130\u015eL\u0130) KT97<br \/>\n1-1\/4 K\u00d6R TAPA (DI\u015eTAN D\u0130\u015eL\u0130) KT98<\/p>\n<p>[\/vc_column_text][\/vc_column][vc_column width=&#8221;1\/4&#8243;][vc_single_image image=&#8221;84&#8243; img_size=&#8221;400&#215;400&#8243;][vc_column_text]<\/p>\n<p style=\"text-align: center;\">1\/2 K\u00d6R TAPA (\u0130\u00c7TEN D\u0130\u015eL\u0130) KT94<br \/>\n3\/4 K\u00d6R TAPA (\u0130\u00c7TEN D\u0130\u015eL\u0130) KT95<\/p>\n<p>[\/vc_column_text][\/vc_column][vc_column width=&#8221;1\/4&#8243;][vc_single_image image=&#8221;45&#8243; img_size=&#8221;400&#215;400&#8243;][vc_column_text]<\/p>\n<p style=\"text-align: center;\">1\/2 K\u00d6\u015eE REKOR KR54<br \/>\n3\/4 K\u00d6\u015eE REKOR KR55<br \/>\n1&#8243; K\u00d6\u015eE REKOR KR56<\/p>\n<p>[\/vc_column_text][\/vc_column][vc_column width=&#8221;1\/4&#8243;][vc_single_image image=&#8221;85&#8243; img_size=&#8221;400&#215;400&#8243;][vc_column_text]<\/p>\n<p style=\"text-align: center;\">3\/8X1\/2 ORANTILI N\u0130PEL ON62<br \/>\n1\/2X3\/4 ORANTILI N\u0130PEL ON63<br \/>\n3\/4\/1&#8243; ORANTILI N\u0130PEL ON64<\/p>\n<p>[\/vc_column_text][\/vc_column][\/vc_row][vc_row][vc_column width=&#8221;1\/4&#8243;][vc_single_image image=&#8221;86&#8243; img_size=&#8221;400&#215;400&#8243;][vc_column_text]<\/p>\n<p style=\"text-align: center;\">1\/2 PUL SOMUN PS99<br \/>\n3\/4 PUL SOMUN PS100<br \/>\n1&#8243; PUL SOMUN PS101<\/p>\n<p>[\/vc_column_text][\/vc_column][vc_column width=&#8221;1\/4&#8243;][vc_single_image image=&#8221;87&#8243; img_size=&#8221;400&#215;400&#8243;][vc_column_text]<\/p>\n<p style=\"text-align: center;\">3\/4\/1&#8243; MAN\u015eON RED\u00dcKS\u0130YON MR80<\/p>\n<p>[\/vc_column_text][\/vc_column][vc_column width=&#8221;1\/4&#8243;][vc_single_image image=&#8221;51&#8243; img_size=&#8221;400&#215;400&#8243;][vc_column_text]<\/p>\n<p style=\"text-align: center;\">3\/8&#215;1\/2 RED\u00dcKS\u0130YON RE86<br \/>\n1\/2X3\/4 RED\u00dcKS\u0130YON RE87<br \/>\n3\/4\/1&#8243; RED\u00dcKS\u0130YON RE88<\/p>\n<p>[\/vc_column_text][\/vc_column][vc_column width=&#8221;1\/4&#8243;][vc_single_image image=&#8221;88&#8243; img_size=&#8221;400&#215;400&#8243;][vc_column_text]<\/p>\n<p style=\"text-align: center;\">3\/8 SARI N\u0130PEL SN58<br \/>\n1\/2 SARI N\u0130PEL SN59<br \/>\n3\/4 SARI N\u0130PEL SN60<br \/>\n1&#8243; SARI N\u0130PEL SN61<\/p>\n<p>[\/vc_column_text][\/vc_column][\/vc_row][vc_row][vc_column width=&#8221;1\/4&#8243;][vc_single_image image=&#8221;89&#8243; img_size=&#8221;400&#215;400&#8243;][vc_column_text]<\/p>\n<p style=\"text-align: center;\">1\/2 SOMUN SM172<br \/>\n3\/4 SOMUN SM173<br \/>\n1&#8243; SOMUN SM174<br \/>\n1&#8243;1\/4 SOMUN SM175<\/p>\n<p>[\/vc_column_text][\/vc_column][vc_column width=&#8221;1\/4&#8243;][vc_single_image image=&#8221;90&#8243; img_size=&#8221;400&#215;400&#8243;][vc_column_text]<\/p>\n<p style=\"text-align: center;\">1&#8243; \u015eAMANDIRA N\u0130PEL\u0130 \u015eN150<br \/>\n3\/4 \u015eAMANDIRA N\u0130PEL\u0130 \u015eN151<br \/>\n1\/2 \u015eAMANDIRA N\u0130PEL\u0130 \u015eN152<\/p>\n<p>[\/vc_column_text][\/vc_column][vc_column width=&#8221;1\/4&#8243;][vc_single_image image=&#8221;91&#8243; img_size=&#8221;400&#215;400&#8243;][vc_column_text]<\/p>\n<p style=\"text-align: center;\">3\/4 KOLLEKT\u00d6R T TEK REKORLU TKR106<br \/>\n3\/4 KOLLEKT\u00d6R T \u00c7\u0130FT REKORLU TKR107<\/p>\n<p>[\/vc_column_text][\/vc_column][vc_column width=&#8221;1\/4&#8243;][\/vc_column][\/vc_row]<\/p>\n","protected":false},"excerpt":{"rendered":"<p>[vc_row][vc_column width=&#8221;1\/4&#8243;][vc_single_image image=&#8221;79&#8243; img_size=&#8221;400&#215;400&#8243;][vc_column_text] 1\/2 ALTI K\u00d6\u015eE MAN\u015eON AK81 3\/4 ALTI K\u00d6\u015eE MAN\u015eON AK82 1&#8243; ALTI K\u00d6\u015eE MAN\u015eON AK83 [\/vc_column_text][\/vc_column][vc_column width=&#8221;1\/4&#8243;][vc_single_image image=&#8221;80&#8243; img_size=&#8221;400&#215;400&#8243;][vc_column_text] 3\/4 ALTI K\u00d6\u015eE KOLLEKT\u00d6R MAN\u015eONU KM84 3\/4 YUVARLAK KOLLEKT\u00d6R MAN\u015eONU KM85 [\/vc_column_text][\/vc_column][vc_column width=&#8221;1\/4&#8243;][vc_single_image image=&#8221;81&#8243; img_size=&#8221;400&#215;400&#8243;][vc_column_text] 1&#8243; DEPO N\u0130PEL\u0130 DN72 [\/vc_column_text][\/vc_column][vc_column width=&#8221;1\/4&#8243;][vc_single_image image=&#8221;82&#8243; img_size=&#8221;400&#215;400&#8243;][vc_column_text] 1\/2 DEPO N\u0130PEL\u0130 DN75 3\/4 DEPO N\u0130PEL\u0130 DN76 [\/vc_column_text][\/vc_column][\/vc_row][vc_row][vc_column&hellip;<\/p>\n","protected":false},"author":1,"featured_media":0,"parent":0,"menu_order":0,"comment_status":"closed","ping_status":"closed","template":"","meta":{"footnotes":""},"class_list":["post-16","page","type-page","status-publish","hentry","description-off"],"_links":{"self":[{"href":"http:\/\/www.aydogarpres.com\/wp-json\/wp\/v2\/pages\/16","targetHints":{"allow":["GET"]}}],"collection":[{"href":"http:\/\/www.aydogarpres.com\/wp-json\/wp\/v2\/pages"}],"about":[{"href":"http:\/\/www.aydogarpres.com\/wp-json\/wp\/v2\/types\/page"}],"author":[{"embeddable":true,"href":"http:\/\/www.aydogarpres.com\/wp-json\/wp\/v2\/users\/1"}],"replies":[{"embeddable":true,"href":"http:\/\/www.aydogarpres.com\/wp-json\/wp\/v2\/comments?post=16"}],"version-history":[{"count":3,"href":"http:\/\/www.aydogarpres.com\/wp-json\/wp\/v2\/pages\/16\/revisions"}],"predecessor-version":[{"id":92,"href":"http:\/\/www.aydogarpres.com\/wp-json\/wp\/v2\/pages\/16\/revisions\/92"}],"wp:attachment":[{"href":"http:\/\/www.aydogarpres.com\/wp-json\/wp\/v2\/media?parent=16"}],"curies":[{"name":"wp","href":"https:\/\/api.w.org\/{rel}","templated":true}]}}