{"id":20,"date":"2026-04-17T15:56:28","date_gmt":"2026-04-17T15:56:28","guid":{"rendered":"http:\/\/www.aydogarpres.com\/?page_id=20"},"modified":"2026-04-18T07:33:14","modified_gmt":"2026-04-18T07:33:14","slug":"hakkimizda","status":"publish","type":"page","link":"http:\/\/www.aydogarpres.com\/hakkimizda\/","title":{"rendered":"Hakk\u0131m\u0131zda"},"content":{"rendered":"<p>[vc_row][vc_column][vc_column_text]<\/p>\n<p data-start=\"62\" data-end=\"277\"><strong data-start=\"62\" data-end=\"91\">Aydo\u011far Pres D\u00f6vme Sanayi<\/strong>, pirin\u00e7 d\u00f6vme ve metal \u015fekillendirme alan\u0131nda \u00fcretim yapan bir firmad\u0131r. Kuruldu\u011fumuz g\u00fcnden bu yana, kaliteli \u00fcretim ve g\u00fcvenilir hizmet anlay\u0131\u015f\u0131yla m\u00fc\u015fterilerimize \u00e7\u00f6z\u00fcmler sunuyoruz.<\/p>\n<p data-start=\"279\" data-end=\"471\">LPG, do\u011falgaz, tesisat ve g\u00fcne\u015f enerjisi gibi farkl\u0131 sekt\u00f6rlere y\u00f6nelik dayan\u0131kl\u0131 ve hassas par\u00e7alar \u00fcretmekteyiz. M\u00fc\u015fteri ihtiya\u00e7lar\u0131na g\u00f6re \u00f6zel \u00fcretim ve fason imalat hizmeti de sa\u011fl\u0131yoruz.<\/p>\n<p data-start=\"473\" data-end=\"661\">\u00dcretimin her a\u015famas\u0131nda kaliteyi \u00f6n planda tutarak, zaman\u0131nda teslimat ve m\u00fc\u015fteri memnuniyetine odaklan\u0131yoruz. Amac\u0131m\u0131z, i\u015f ortaklar\u0131m\u0131zla uzun vadeli ve g\u00fcvene dayal\u0131 ili\u015fkiler kurmakt\u0131r.<\/p>\n<p>[\/vc_column_text][\/vc_column][\/vc_row]<\/p>\n","protected":false},"excerpt":{"rendered":"<p>[vc_row][vc_column][vc_column_text] Aydo\u011far Pres D\u00f6vme Sanayi, pirin\u00e7 d\u00f6vme ve metal \u015fekillendirme alan\u0131nda \u00fcretim yapan bir firmad\u0131r. Kuruldu\u011fumuz g\u00fcnden bu yana, kaliteli \u00fcretim ve g\u00fcvenilir hizmet anlay\u0131\u015f\u0131yla m\u00fc\u015fterilerimize \u00e7\u00f6z\u00fcmler sunuyoruz. LPG, do\u011falgaz, tesisat ve g\u00fcne\u015f enerjisi gibi farkl\u0131 sekt\u00f6rlere y\u00f6nelik dayan\u0131kl\u0131 ve hassas par\u00e7alar \u00fcretmekteyiz. M\u00fc\u015fteri ihtiya\u00e7lar\u0131na g\u00f6re \u00f6zel \u00fcretim ve fason imalat hizmeti de sa\u011fl\u0131yoruz. \u00dcretimin&hellip;<\/p>\n","protected":false},"author":1,"featured_media":0,"parent":0,"menu_order":0,"comment_status":"closed","ping_status":"closed","template":"","meta":{"footnotes":""},"class_list":["post-20","page","type-page","status-publish","hentry","description-off"],"_links":{"self":[{"href":"http:\/\/www.aydogarpres.com\/wp-json\/wp\/v2\/pages\/20","targetHints":{"allow":["GET"]}}],"collection":[{"href":"http:\/\/www.aydogarpres.com\/wp-json\/wp\/v2\/pages"}],"about":[{"href":"http:\/\/www.aydogarpres.com\/wp-json\/wp\/v2\/types\/page"}],"author":[{"embeddable":true,"href":"http:\/\/www.aydogarpres.com\/wp-json\/wp\/v2\/users\/1"}],"replies":[{"embeddable":true,"href":"http:\/\/www.aydogarpres.com\/wp-json\/wp\/v2\/comments?post=20"}],"version-history":[{"count":2,"href":"http:\/\/www.aydogarpres.com\/wp-json\/wp\/v2\/pages\/20\/revisions"}],"predecessor-version":[{"id":100,"href":"http:\/\/www.aydogarpres.com\/wp-json\/wp\/v2\/pages\/20\/revisions\/100"}],"wp:attachment":[{"href":"http:\/\/www.aydogarpres.com\/wp-json\/wp\/v2\/media?parent=20"}],"curies":[{"name":"wp","href":"https:\/\/api.w.org\/{rel}","templated":true}]}}